{"id":105,"date":"2024-02-25T22:57:29","date_gmt":"2024-02-25T21:57:29","guid":{"rendered":"https:\/\/lecheminduromarin.eu\/?page_id=105"},"modified":"2024-04-07T20:29:46","modified_gmt":"2024-04-07T18:29:46","slug":"a-proximite","status":"publish","type":"page","link":"https:\/\/lecheminduromarin.eu\/?page_id=105","title":{"rendered":"\u00c0 PROXIMIT\u00c9"},"content":{"rendered":"\n<div class=\"wp-block-columns alignwide is-layout-flex wp-container-core-columns-is-layout-2 wp-block-columns-is-layout-flex\">\n<div class=\"wp-block-column is-layout-flow wp-block-column-is-layout-flow\">\n<div class=\"wp-block-columns is-layout-flex wp-container-core-columns-is-layout-1 wp-block-columns-is-layout-flex\">\n<div class=\"wp-block-column is-layout-flow wp-block-column-is-layout-flow\">\n<iframe loading=\"lazy\" title=\"vimeo-player\" src=\"https:\/\/player.vimeo.com\/video\/729261123?h=7f546a89d1\" width=\"500\" height=\"350\" frameborder=\"0\"    allowfullscreen><\/iframe>\n<\/div>\n\n\n\n<div class=\"wp-block-column is-vertically-aligned-center is-layout-flow wp-block-column-is-layout-flow\">\n<h1 class=\"wp-block-heading has-text-align-center is-style-ona-alt-font has-primary-color has-text-color\" id=\"i-am-a-lifestyle-and-fashion-blogger-a-person-who-enjoys-travel\" style=\"margin-top:16px;margin-bottom:16px;font-size:2.25rem\">Notre ZOO<\/h1>\n\n\n\n<p class=\"has-text-align-center\">Adulte : 22 \u20ac<br>Enfant (3 \u00e0 12 ans) : 17 \u20ac<\/p>\n<\/div>\n<\/div>\n<\/div>\n<\/div>\n\n\n\n<div class=\"wp-block-group has-background-light-background-color has-background is-layout-flow wp-block-group-is-layout-flow\" style=\"padding-top:0px;padding-right:0px;padding-bottom:0px;padding-left:0px\">\n<div class=\"wp-block-cover is-light has-parallax has-custom-content-position is-position-bottom-center\" style=\"min-height:100vh;aspect-ratio:unset;\"><span aria-hidden=\"true\" class=\"wp-block-cover__background has-background-dim-40 has-background-dim\" style=\"background-color:#111111\"><\/span><div class=\"wp-block-cover__image-background wp-image-308 has-parallax\" style=\"background-position:50% 50%;background-image:url(https:\/\/lecheminduromarin.eu\/wp-content\/uploads\/2024\/03\/02-plage-de-l-arneche-credit-nathalie-daury-pain.jpg)\"><\/div><div class=\"wp-block-cover__inner-container is-layout-flow wp-block-cover-is-layout-flow\">\n<div class=\"wp-block-group has-background-color has-foreground-background-color has-text-color has-background is-layout-constrained wp-container-core-group-is-layout-1 wp-block-group-is-layout-constrained\" style=\"padding-top:48px;padding-right:68px;padding-bottom:48px;padding-left:68px\">\n<p class=\"ona-alt-font has-secondary-color has-text-color has-medium-large-font-size\"><a href=\"https:\/\/www.royanatlantique.fr\/destination-royan-atlantique\/balneaire-et-sauvage\/\" title=\"\"><mark style=\"background-color:rgba(0, 0, 0, 0)\" class=\"has-inline-color has-background-color\">Visitez nos plages<\/mark><\/a><\/p>\n\n\n\n<h1 class=\"wp-block-heading has-x-large-font-size\" id=\"i-m-ona-and-this-is-my-travel-journal\">Nos tops 5 : <\/h1>\n\n\n\n<ul>\n<li>Plage Saint Georges de Didonne [ 22 Min ]<\/li>\n\n\n\n<li>Meshers, Plage de l&rsquo;Arn\u00e8che [ 25 Min ]<\/li>\n\n\n\n<li>Saint-Palais-sur-Mer, Plage du Bureau [ 30 Min ]<\/li>\n\n\n\n<li>La Tremblade, <strong>C\u00f4te sauvage&nbsp;<\/strong>[ 40 Min ]<\/li>\n\n\n\n<li>Saint-Georges-d&rsquo;Ol\u00e9ron, La Plage des Saumonards [ 55 Min ]<\/li>\n<\/ul>\n<\/div>\n\n\n\n<div style=\"height:30px\" aria-hidden=\"true\" class=\"wp-block-spacer\"><\/div>\n<\/div><\/div>\n<\/div>\n\n\n\n<div class=\"wp-block-columns alignfull is-layout-flex wp-container-core-columns-is-layout-5 wp-block-columns-is-layout-flex\">\n<div class=\"wp-block-column is-layout-flow wp-block-column-is-layout-flow\">\n<div class=\"wp-block-group has-background-light-background-color has-background is-layout-constrained wp-container-core-group-is-layout-3 wp-block-group-is-layout-constrained\" style=\"padding-top:68px\">\n<div class=\"wp-block-columns is-layout-flex wp-container-core-columns-is-layout-3 wp-block-columns-is-layout-flex\">\n<div class=\"wp-block-column is-style-ona-negative-offset-bottom is-layout-flow wp-block-column-is-layout-flow\">\n<h1 class=\"wp-block-heading is-style-ona-alt-font has-primary-color has-text-color\" id=\"i-am-a-lifestyle-and-fashion-blogger-a-person-who-enjoys-travel\" style=\"margin-top:16px;margin-bottom:16px;font-size:2.25rem\"><a href=\"https:\/\/www.youtube.com\/watch?v=NPLRUbvaHqQ\" title=\"\">Talmont<\/a><\/h1>\n\n\n\n<figure class=\"wp-block-image size-full is-resized\"><img loading=\"lazy\" decoding=\"async\" width=\"1600\" height=\"1065\" src=\"https:\/\/lecheminduromarin.eu\/wp-content\/uploads\/2024\/03\/13-estuaire-de-la-gironde-talmont-lesley-williamson-3.jpg\" alt=\"\" class=\"wp-image-320\" style=\"width:565px;height:637px\" srcset=\"https:\/\/lecheminduromarin.eu\/wp-content\/uploads\/2024\/03\/13-estuaire-de-la-gironde-talmont-lesley-williamson-3.jpg 1600w, https:\/\/lecheminduromarin.eu\/wp-content\/uploads\/2024\/03\/13-estuaire-de-la-gironde-talmont-lesley-williamson-3-300x200.jpg 300w, https:\/\/lecheminduromarin.eu\/wp-content\/uploads\/2024\/03\/13-estuaire-de-la-gironde-talmont-lesley-williamson-3-1024x682.jpg 1024w, https:\/\/lecheminduromarin.eu\/wp-content\/uploads\/2024\/03\/13-estuaire-de-la-gironde-talmont-lesley-williamson-3-768x511.jpg 768w, https:\/\/lecheminduromarin.eu\/wp-content\/uploads\/2024\/03\/13-estuaire-de-la-gironde-talmont-lesley-williamson-3-1536x1022.jpg 1536w, https:\/\/lecheminduromarin.eu\/wp-content\/uploads\/2024\/03\/13-estuaire-de-la-gironde-talmont-lesley-williamson-3-1170x779.jpg 1170w\" sizes=\"(max-width: 1600px) 100vw, 1600px\" \/><\/figure>\n<\/div>\n\n\n\n<div class=\"wp-block-column is-vertically-aligned-center is-layout-flow wp-block-column-is-layout-flow\">\n<h1 class=\"wp-block-heading has-text-align-center\" id=\"i-am-a-lifestyle-and-fashion-blogger-a-person-who-enjoys-travel\" style=\"margin-right:15%\">D\u00e9couvrez l&rsquo;<em>estuaire de la Gironde<\/em> : tout l&rsquo;univers du plus vaste estuaire d&rsquo;Europe, balades en bateau, \u00e0 pied, \u00e0 v\u00e9lo.<\/h1>\n<\/div>\n<\/div>\n<\/div>\n\n\n\n<div class=\"wp-block-group has-background-light-background-color has-background is-layout-constrained wp-container-core-group-is-layout-4 wp-block-group-is-layout-constrained\" style=\"padding-top:68px\">\n<div class=\"wp-block-columns is-layout-flex wp-container-core-columns-is-layout-4 wp-block-columns-is-layout-flex\">\n<div class=\"wp-block-column is-style-ona-negative-offset-bottom is-layout-flow wp-block-column-is-layout-flow\">\n<h1 class=\"wp-block-heading is-style-ona-alt-font has-primary-color has-text-color\" id=\"i-am-a-lifestyle-and-fashion-blogger-a-person-who-enjoys-travel\" style=\"margin-top:16px;margin-bottom:16px;font-size:2.25rem\">Ford Boyard<\/h1>\n\n\n\n<p>Au Bord d&rsquo;un <em>catamaran<\/em>, Sortez en bateau au d\u00e9part du port de Boyardville sur l&rsquo;\u00cele d&rsquo;Ol\u00e9ron&#8230;<\/p>\n<\/div>\n\n\n\n<div class=\"wp-block-column is-vertically-aligned-center is-layout-flow wp-block-column-is-layout-flow\">\n<div class=\"wp-block-cover ona-promo-image\" style=\"min-height:407px;aspect-ratio:unset;\"><span aria-hidden=\"true\" class=\"wp-block-cover__background has-background-dim-0 has-background-dim\"><\/span><img loading=\"lazy\" decoding=\"async\" width=\"2000\" height=\"1334\" class=\"wp-block-cover__image-background wp-image-327\" alt=\"\" src=\"https:\/\/lecheminduromarin.eu\/wp-content\/uploads\/2024\/03\/fort-boyard-8.jpg\" data-object-fit=\"cover\" srcset=\"https:\/\/lecheminduromarin.eu\/wp-content\/uploads\/2024\/03\/fort-boyard-8.jpg 2000w, https:\/\/lecheminduromarin.eu\/wp-content\/uploads\/2024\/03\/fort-boyard-8-300x200.jpg 300w, https:\/\/lecheminduromarin.eu\/wp-content\/uploads\/2024\/03\/fort-boyard-8-1024x683.jpg 1024w, https:\/\/lecheminduromarin.eu\/wp-content\/uploads\/2024\/03\/fort-boyard-8-768x512.jpg 768w, https:\/\/lecheminduromarin.eu\/wp-content\/uploads\/2024\/03\/fort-boyard-8-1536x1025.jpg 1536w, https:\/\/lecheminduromarin.eu\/wp-content\/uploads\/2024\/03\/fort-boyard-8-1170x780.jpg 1170w\" sizes=\"(max-width: 2000px) 100vw, 2000px\" \/><div class=\"wp-block-cover__inner-container is-layout-flow wp-block-cover-is-layout-flow\">\n<p class=\"has-text-align-center has-large-font-size\"><\/p>\n\n\n\n<p><\/p>\n<\/div><\/div>\n<\/div>\n<\/div>\n<\/div>\n<\/div>\n<\/div>\n\n\n\n<hr class=\"wp-block-separator has-alpha-channel-opacity\"\/>\n\n\n\n<div class=\"wp-block-group alignwide has-background-light-background-color has-background is-layout-constrained wp-container-core-group-is-layout-6 wp-block-group-is-layout-constrained\" style=\"padding-bottom:110px\">\n<div class=\"wp-block-media-text alignwide is-stacked-on-mobile\" style=\"grid-template-columns:68.5% auto\"><figure class=\"wp-block-media-text__media\"><img loading=\"lazy\" decoding=\"async\" width=\"1024\" height=\"683\" src=\"https:\/\/lecheminduromarin.eu\/wp-content\/uploads\/2024\/03\/port-plaisance-royan-a-thierry-avan-1920x1080-c-1024x683.jpg\" alt=\"\" class=\"wp-image-309 size-full\" srcset=\"https:\/\/lecheminduromarin.eu\/wp-content\/uploads\/2024\/03\/port-plaisance-royan-a-thierry-avan-1920x1080-c-1024x683.jpg 1024w, https:\/\/lecheminduromarin.eu\/wp-content\/uploads\/2024\/03\/port-plaisance-royan-a-thierry-avan-1920x1080-c-300x200.jpg 300w, https:\/\/lecheminduromarin.eu\/wp-content\/uploads\/2024\/03\/port-plaisance-royan-a-thierry-avan-1920x1080-c-768x512.jpg 768w, https:\/\/lecheminduromarin.eu\/wp-content\/uploads\/2024\/03\/port-plaisance-royan-a-thierry-avan-1920x1080-c-1536x1024.jpg 1536w, https:\/\/lecheminduromarin.eu\/wp-content\/uploads\/2024\/03\/port-plaisance-royan-a-thierry-avan-1920x1080-c-1170x780.jpg 1170w, https:\/\/lecheminduromarin.eu\/wp-content\/uploads\/2024\/03\/port-plaisance-royan-a-thierry-avan-1920x1080-c.jpg 1600w\" sizes=\"(max-width: 1024px) 100vw, 1024px\" \/><\/figure><div class=\"wp-block-media-text__content\">\n<div class=\"wp-block-group is-style-ona-negative-offset-left has-background-background-color has-background is-layout-flow wp-block-group-is-layout-flow\" style=\"padding-top:20%;padding-right:15%;padding-bottom:20%;padding-left:15%\">\n<h1 class=\"wp-block-heading has-text-align-center has-large-font-size\" id=\"hey-i-m-ona-and-this-is-my-travel-journal\">Port de Royan<\/h1>\n<\/div>\n<\/div><\/div>\n<\/div>\n\n\n\n<div class=\"wp-block-columns is-layout-flex wp-container-core-columns-is-layout-6 wp-block-columns-is-layout-flex\"><\/div>\n","protected":false},"excerpt":{"rendered":"<p>Notre ZOO Adulte : 22 \u20acEnfant (3 \u00e0 12 ans) : 17 \u20ac Talmont D\u00e9couvrez l&rsquo;estuaire de la Gironde : tout l&rsquo;univers du plus vaste estuaire d&rsquo;Europe, balades en bateau, \u00e0 pied, \u00e0 v\u00e9lo. Ford Boyard Au Bord d&rsquo;un catamaran, Sortez en bateau au d\u00e9part du port de Boyardville sur l&rsquo;\u00cele d&rsquo;Ol\u00e9ron&#8230; Port de Royan<\/p>\n","protected":false},"author":1,"featured_media":0,"parent":0,"menu_order":0,"comment_status":"closed","ping_status":"closed","template":"","meta":{"footnotes":""},"aioseo_notices":[],"_links":{"self":[{"href":"https:\/\/lecheminduromarin.eu\/index.php?rest_route=\/wp\/v2\/pages\/105"}],"collection":[{"href":"https:\/\/lecheminduromarin.eu\/index.php?rest_route=\/wp\/v2\/pages"}],"about":[{"href":"https:\/\/lecheminduromarin.eu\/index.php?rest_route=\/wp\/v2\/types\/page"}],"author":[{"embeddable":true,"href":"https:\/\/lecheminduromarin.eu\/index.php?rest_route=\/wp\/v2\/users\/1"}],"replies":[{"embeddable":true,"href":"https:\/\/lecheminduromarin.eu\/index.php?rest_route=%2Fwp%2Fv2%2Fcomments&post=105"}],"version-history":[{"count":24,"href":"https:\/\/lecheminduromarin.eu\/index.php?rest_route=\/wp\/v2\/pages\/105\/revisions"}],"predecessor-version":[{"id":564,"href":"https:\/\/lecheminduromarin.eu\/index.php?rest_route=\/wp\/v2\/pages\/105\/revisions\/564"}],"wp:attachment":[{"href":"https:\/\/lecheminduromarin.eu\/index.php?rest_route=%2Fwp%2Fv2%2Fmedia&parent=105"}],"curies":[{"name":"wp","href":"https:\/\/api.w.org\/{rel}","templated":true}]}}