{"id":18,"date":"2024-02-25T17:57:37","date_gmt":"2024-02-25T16:57:37","guid":{"rendered":"https:\/\/lecheminduromarin.eu\/?page_id=18"},"modified":"2024-06-20T18:12:10","modified_gmt":"2024-06-20T16:12:10","slug":"rose-tremiere","status":"publish","type":"page","link":"https:\/\/lecheminduromarin.eu\/?page_id=18","title":{"rendered":"ROSE TR\u00c9MI\u00c8RE 5 \u00c0 8 PERSONNES"},"content":{"rendered":"\n<div class=\"wp-block-columns alignfull is-layout-flex wp-container-core-columns-is-layout-1 wp-block-columns-is-layout-flex\">\n<div class=\"wp-block-column is-layout-flow wp-block-column-is-layout-flow\" style=\"flex-basis:25%\"><\/div>\n\n\n\n<div class=\"wp-block-column is-layout-flow wp-block-column-is-layout-flow\" style=\"flex-basis:50%\">\n<center><iframe style='overflow:auto;-webkit-overflow-scrolling:touch;border:none;' height='310' width='100%' src='https:\/\/widget.itea.fr\/widget.php?key=96uoizd1&#038;numGite=17G72177&#038;widget-itea=prix' ><\/iframe><\/center>\n<\/div>\n\n\n\n<div class=\"wp-block-column is-layout-flow wp-block-column-is-layout-flow\" style=\"flex-basis:25%\"><\/div>\n<\/div>\n\n\n\n<div class=\"wp-block-columns alignfull is-layout-flex wp-container-core-columns-is-layout-2 wp-block-columns-is-layout-flex\">\n<div class=\"wp-block-column is-layout-flow wp-block-column-is-layout-flow\" style=\"flex-basis:25%\"><\/div>\n\n\n\n<div class=\"wp-block-column is-layout-flow wp-block-column-is-layout-flow\" style=\"flex-basis:50%\">\n<center><iframe style='overflow:auto;-webkit-overflow-scrolling:touch;border:none;' height='800' width='100%' src='https:\/\/widget.itea.fr\/widget.php?key=96uoizd1&#038;numgite=17G72177&#038;widget-itea=dispo&#038;nbmois=12&#038;nbmois-ligne=3' ><\/iframe><\/center>\n<\/div>\n\n\n\n<div class=\"wp-block-column is-layout-flow wp-block-column-is-layout-flow\" style=\"flex-basis:25%\"><\/div>\n<\/div>\n\n\n\n<center><iframe style='overflow:auto;-webkit-overflow-scrolling:touch;border:none;' height='500' width='100%' src='https:\/\/widget.itea.fr\/widget.php?key=96uoizd1&#038;numGite=17G72177&#038;widget-itea=avis' ><\/iframe><\/center>\n\n\n<h1 id=\"i-am-a-lifestyle-and-fashion-blogger-a-person-who-enjoys-travel\" class=\"wp-block-heading is-style-ona-alt-font has-primary-color has-text-color\" style=\"margin-top: 16px; margin-bottom: 16px; font-size: 2.25rem;\"><strong>Int\u00e9rieur <\/strong><\/h1>\n\n\n<div class=\"wp-block-columns alignwide is-layout-flex wp-container-core-columns-is-layout-3 wp-block-columns-is-layout-flex\">\n<div class=\"wp-block-column is-layout-flow wp-block-column-is-layout-flow\">\n<figure class=\"wp-block-gallery has-nested-images columns-default is-cropped wp-block-gallery-1 is-layout-flex wp-block-gallery-is-layout-flex\">\n<figure class=\"wp-block-image size-large\"><img loading=\"lazy\" decoding=\"async\" width=\"642\" height=\"335\" src=\"https:\/\/lecheminduromarin.eu\/wp-content\/uploads\/2024\/04\/rose-1.jpg\" alt=\"\" class=\"wp-image-457\" srcset=\"https:\/\/lecheminduromarin.eu\/wp-content\/uploads\/2024\/04\/rose-1.jpg 642w, https:\/\/lecheminduromarin.eu\/wp-content\/uploads\/2024\/04\/rose-1-300x157.jpg 300w\" sizes=\"(max-width: 642px) 100vw, 642px\" \/><\/figure>\n\n\n\n<figure class=\"wp-block-image size-large\"><img loading=\"lazy\" decoding=\"async\" width=\"642\" height=\"335\" src=\"https:\/\/lecheminduromarin.eu\/wp-content\/uploads\/2024\/04\/rose-8.jpg\" alt=\"\" class=\"wp-image-460\" srcset=\"https:\/\/lecheminduromarin.eu\/wp-content\/uploads\/2024\/04\/rose-8.jpg 642w, https:\/\/lecheminduromarin.eu\/wp-content\/uploads\/2024\/04\/rose-8-300x157.jpg 300w\" sizes=\"(max-width: 642px) 100vw, 642px\" \/><\/figure>\n\n\n\n<figure class=\"wp-block-image size-large\"><img loading=\"lazy\" decoding=\"async\" width=\"642\" height=\"335\" src=\"https:\/\/lecheminduromarin.eu\/wp-content\/uploads\/2024\/04\/rose-9.jpg\" alt=\"\" class=\"wp-image-464\" srcset=\"https:\/\/lecheminduromarin.eu\/wp-content\/uploads\/2024\/04\/rose-9.jpg 642w, https:\/\/lecheminduromarin.eu\/wp-content\/uploads\/2024\/04\/rose-9-300x157.jpg 300w\" sizes=\"(max-width: 642px) 100vw, 642px\" \/><\/figure>\n\n\n\n<figure class=\"wp-block-image size-large\"><img loading=\"lazy\" decoding=\"async\" width=\"642\" height=\"335\" src=\"https:\/\/lecheminduromarin.eu\/wp-content\/uploads\/2024\/04\/rose-11.jpg\" alt=\"\" class=\"wp-image-459\" srcset=\"https:\/\/lecheminduromarin.eu\/wp-content\/uploads\/2024\/04\/rose-11.jpg 642w, https:\/\/lecheminduromarin.eu\/wp-content\/uploads\/2024\/04\/rose-11-300x157.jpg 300w\" sizes=\"(max-width: 642px) 100vw, 642px\" \/><\/figure>\n\n\n\n<figure class=\"wp-block-image size-large\"><img loading=\"lazy\" decoding=\"async\" width=\"642\" height=\"335\" src=\"https:\/\/lecheminduromarin.eu\/wp-content\/uploads\/2024\/04\/rose-12.jpg\" alt=\"\" class=\"wp-image-462\" srcset=\"https:\/\/lecheminduromarin.eu\/wp-content\/uploads\/2024\/04\/rose-12.jpg 642w, https:\/\/lecheminduromarin.eu\/wp-content\/uploads\/2024\/04\/rose-12-300x157.jpg 300w\" sizes=\"(max-width: 642px) 100vw, 642px\" \/><\/figure>\n\n\n\n<figure class=\"wp-block-image size-large\"><img loading=\"lazy\" decoding=\"async\" width=\"642\" height=\"335\" src=\"https:\/\/lecheminduromarin.eu\/wp-content\/uploads\/2024\/04\/rose-13.jpg\" alt=\"\" class=\"wp-image-458\" srcset=\"https:\/\/lecheminduromarin.eu\/wp-content\/uploads\/2024\/04\/rose-13.jpg 642w, https:\/\/lecheminduromarin.eu\/wp-content\/uploads\/2024\/04\/rose-13-300x157.jpg 300w\" sizes=\"(max-width: 642px) 100vw, 642px\" \/><\/figure>\n<\/figure>\n<\/div>\n<\/div>\n\n\n<h1 id=\"i-am-a-lifestyle-and-fashion-blogger-a-person-who-enjoys-travel\" class=\"wp-block-heading is-style-ona-alt-font has-primary-color has-text-color\" style=\"margin-top: 16px; margin-bottom: 16px; font-size: 2.25rem;\"><strong>Ext\u00e9rieur<\/strong><\/h1>\n\n\n<figure class=\"wp-block-gallery alignwide has-nested-images columns-default is-cropped wp-block-gallery-2 is-layout-flex wp-block-gallery-is-layout-flex\">\n<figure class=\"wp-block-image size-large\"><img loading=\"lazy\" decoding=\"async\" width=\"1024\" height=\"768\" data-id=\"468\" src=\"https:\/\/lecheminduromarin.eu\/wp-content\/uploads\/2024\/04\/rose-5-1024x768.jpg\" alt=\"\" class=\"wp-image-468\" srcset=\"https:\/\/lecheminduromarin.eu\/wp-content\/uploads\/2024\/04\/rose-5-1024x768.jpg 1024w, https:\/\/lecheminduromarin.eu\/wp-content\/uploads\/2024\/04\/rose-5-300x225.jpg 300w, https:\/\/lecheminduromarin.eu\/wp-content\/uploads\/2024\/04\/rose-5-768x576.jpg 768w, https:\/\/lecheminduromarin.eu\/wp-content\/uploads\/2024\/04\/rose-5-1536x1152.jpg 1536w, https:\/\/lecheminduromarin.eu\/wp-content\/uploads\/2024\/04\/rose-5-2048x1536.jpg 2048w, https:\/\/lecheminduromarin.eu\/wp-content\/uploads\/2024\/04\/rose-5-1170x878.jpg 1170w\" sizes=\"(max-width: 1024px) 100vw, 1024px\" \/><\/figure>\n\n\n\n<figure class=\"wp-block-image size-large\"><img loading=\"lazy\" decoding=\"async\" width=\"1024\" height=\"768\" data-id=\"467\" src=\"https:\/\/lecheminduromarin.eu\/wp-content\/uploads\/2024\/04\/rose-2-1024x768.jpg\" alt=\"\" class=\"wp-image-467\" srcset=\"https:\/\/lecheminduromarin.eu\/wp-content\/uploads\/2024\/04\/rose-2-1024x768.jpg 1024w, https:\/\/lecheminduromarin.eu\/wp-content\/uploads\/2024\/04\/rose-2-300x225.jpg 300w, https:\/\/lecheminduromarin.eu\/wp-content\/uploads\/2024\/04\/rose-2-768x576.jpg 768w, https:\/\/lecheminduromarin.eu\/wp-content\/uploads\/2024\/04\/rose-2-1536x1152.jpg 1536w, https:\/\/lecheminduromarin.eu\/wp-content\/uploads\/2024\/04\/rose-2-2048x1536.jpg 2048w, https:\/\/lecheminduromarin.eu\/wp-content\/uploads\/2024\/04\/rose-2-1170x878.jpg 1170w\" sizes=\"(max-width: 1024px) 100vw, 1024px\" \/><\/figure>\n\n\n\n<figure class=\"wp-block-image size-large\"><img loading=\"lazy\" decoding=\"async\" width=\"1024\" height=\"768\" data-id=\"466\" src=\"https:\/\/lecheminduromarin.eu\/wp-content\/uploads\/2024\/04\/rose-4-1024x768.jpg\" alt=\"\" class=\"wp-image-466\" srcset=\"https:\/\/lecheminduromarin.eu\/wp-content\/uploads\/2024\/04\/rose-4-1024x768.jpg 1024w, https:\/\/lecheminduromarin.eu\/wp-content\/uploads\/2024\/04\/rose-4-300x225.jpg 300w, https:\/\/lecheminduromarin.eu\/wp-content\/uploads\/2024\/04\/rose-4-768x576.jpg 768w, https:\/\/lecheminduromarin.eu\/wp-content\/uploads\/2024\/04\/rose-4-1536x1152.jpg 1536w, https:\/\/lecheminduromarin.eu\/wp-content\/uploads\/2024\/04\/rose-4-2048x1536.jpg 2048w, https:\/\/lecheminduromarin.eu\/wp-content\/uploads\/2024\/04\/rose-4-1170x878.jpg 1170w\" sizes=\"(max-width: 1024px) 100vw, 1024px\" \/><\/figure>\n\n\n\n<figure class=\"wp-block-image size-large\"><img loading=\"lazy\" decoding=\"async\" width=\"642\" height=\"335\" data-id=\"461\" src=\"https:\/\/lecheminduromarin.eu\/wp-content\/uploads\/2024\/04\/rose-7.jpg\" alt=\"\" class=\"wp-image-461\" srcset=\"https:\/\/lecheminduromarin.eu\/wp-content\/uploads\/2024\/04\/rose-7.jpg 642w, https:\/\/lecheminduromarin.eu\/wp-content\/uploads\/2024\/04\/rose-7-300x157.jpg 300w\" sizes=\"(max-width: 642px) 100vw, 642px\" \/><\/figure>\n\n\n\n<figure class=\"wp-block-image size-large\"><img loading=\"lazy\" decoding=\"async\" width=\"642\" height=\"335\" data-id=\"456\" src=\"https:\/\/lecheminduromarin.eu\/wp-content\/uploads\/2024\/04\/exterieurtremiere2.jpg\" alt=\"\" class=\"wp-image-456\" srcset=\"https:\/\/lecheminduromarin.eu\/wp-content\/uploads\/2024\/04\/exterieurtremiere2.jpg 642w, https:\/\/lecheminduromarin.eu\/wp-content\/uploads\/2024\/04\/exterieurtremiere2-300x157.jpg 300w\" sizes=\"(max-width: 642px) 100vw, 642px\" \/><\/figure>\n\n\n\n<figure class=\"wp-block-image size-large\"><img loading=\"lazy\" decoding=\"async\" width=\"1024\" height=\"768\" data-id=\"465\" src=\"https:\/\/lecheminduromarin.eu\/wp-content\/uploads\/2024\/04\/rose_Outside-1-1024x768.jpg\" alt=\"\" class=\"wp-image-465\" srcset=\"https:\/\/lecheminduromarin.eu\/wp-content\/uploads\/2024\/04\/rose_Outside-1-1024x768.jpg 1024w, https:\/\/lecheminduromarin.eu\/wp-content\/uploads\/2024\/04\/rose_Outside-1-300x225.jpg 300w, https:\/\/lecheminduromarin.eu\/wp-content\/uploads\/2024\/04\/rose_Outside-1-768x576.jpg 768w, https:\/\/lecheminduromarin.eu\/wp-content\/uploads\/2024\/04\/rose_Outside-1-1536x1152.jpg 1536w, https:\/\/lecheminduromarin.eu\/wp-content\/uploads\/2024\/04\/rose_Outside-1-1170x878.jpg 1170w, https:\/\/lecheminduromarin.eu\/wp-content\/uploads\/2024\/04\/rose_Outside-1.jpg 1632w\" sizes=\"(max-width: 1024px) 100vw, 1024px\" \/><\/figure>\n<\/figure>\n","protected":false},"excerpt":{"rendered":"<p>Int\u00e9rieur Ext\u00e9rieur<\/p>\n","protected":false},"author":1,"featured_media":0,"parent":0,"menu_order":0,"comment_status":"closed","ping_status":"closed","template":"","meta":{"footnotes":""},"aioseo_notices":[],"_links":{"self":[{"href":"https:\/\/lecheminduromarin.eu\/index.php?rest_route=\/wp\/v2\/pages\/18"}],"collection":[{"href":"https:\/\/lecheminduromarin.eu\/index.php?rest_route=\/wp\/v2\/pages"}],"about":[{"href":"https:\/\/lecheminduromarin.eu\/index.php?rest_route=\/wp\/v2\/types\/page"}],"author":[{"embeddable":true,"href":"https:\/\/lecheminduromarin.eu\/index.php?rest_route=\/wp\/v2\/users\/1"}],"replies":[{"embeddable":true,"href":"https:\/\/lecheminduromarin.eu\/index.php?rest_route=%2Fwp%2Fv2%2Fcomments&post=18"}],"version-history":[{"count":20,"href":"https:\/\/lecheminduromarin.eu\/index.php?rest_route=\/wp\/v2\/pages\/18\/revisions"}],"predecessor-version":[{"id":648,"href":"https:\/\/lecheminduromarin.eu\/index.php?rest_route=\/wp\/v2\/pages\/18\/revisions\/648"}],"wp:attachment":[{"href":"https:\/\/lecheminduromarin.eu\/index.php?rest_route=%2Fwp%2Fv2%2Fmedia&parent=18"}],"curies":[{"name":"wp","href":"https:\/\/api.w.org\/{rel}","templated":true}]}}