{"id":99,"date":"2024-02-25T22:55:09","date_gmt":"2024-02-25T21:55:09","guid":{"rendered":"https:\/\/lecheminduromarin.eu\/?page_id=99"},"modified":"2024-05-29T12:22:08","modified_gmt":"2024-05-29T10:22:08","slug":"sejours-a-theme","status":"publish","type":"page","link":"https:\/\/lecheminduromarin.eu\/?page_id=99","title":{"rendered":"S\u00e9jours \u00e0 th\u00e8me"},"content":{"rendered":"\n<div class=\"wp-block-group alignfull ona-container is-style-no-spacing has-tertiary-background-color has-background is-layout-constrained wp-container-core-group-is-layout-6 wp-block-group-is-layout-constrained\" style=\"padding-top:100px;padding-bottom:100px\">\n<p class=\"has-text-align-center ona-text-letter-spacing has-foreground-color has-text-color has-medium-font-size\">Nous vous proposons toute l&rsquo;ann\u00e9e un s\u00e9jour oenotouristique avec une visite de notre Domaine viticole :<\/p>\n<\/p>\n\n\n\n<div class=\"wp-block-columns is-layout-flex wp-container-core-columns-is-layout-2 wp-block-columns-is-layout-flex\">\n<div class=\"wp-block-column is-layout-flow wp-block-column-is-layout-flow\">\n<div class=\"wp-block-group has-background-background-color has-background is-layout-flow wp-block-group-is-layout-flow\" style=\"padding-top:3rem;padding-right:2.5rem;padding-bottom:2.5rem;padding-left:2.5rem\">\n<ul>\n<li>Balade explicative du cycle de la vigne.<\/li>\n\n\n\n<li>D\u00e9couverte du chai de vinification.<\/li>\n\n\n\n<li>D\u00e9couverte de la distillerie et des chais de stockage.<\/li>\n\n\n\n<li>D\u00e9gustation des produits au magasin.<\/li>\n<\/ul>\n\n\n\n<div class=\"wp-block-group ona-container is-layout-flow wp-block-group-is-layout-flow\" style=\"padding-top:100px;padding-bottom:20px\">\n<figure class=\"wp-block-gallery has-nested-images columns-5 is-cropped wp-block-gallery-1 is-layout-flex wp-block-gallery-is-layout-flex\">\n<figure class=\"wp-block-image size-large\"><img loading=\"lazy\" decoding=\"async\" width=\"768\" height=\"1024\" src=\"https:\/\/lecheminduromarin.eu\/wp-content\/uploads\/2024\/04\/435779664_797228231805202_6524467137384114876_n-768x1024.jpg\" alt=\"Activit\u00e9s des g\u00eetes sur place, \u00e9quipement : sauna, piscine, terrasse, barbecue, spa, ping-pong, jeux pour enfants, promenade, d\u00e9gustation au domaine\" class=\"wp-image-541\" srcset=\"https:\/\/lecheminduromarin.eu\/wp-content\/uploads\/2024\/04\/435779664_797228231805202_6524467137384114876_n-768x1024.jpg 768w, https:\/\/lecheminduromarin.eu\/wp-content\/uploads\/2024\/04\/435779664_797228231805202_6524467137384114876_n-225x300.jpg 225w, https:\/\/lecheminduromarin.eu\/wp-content\/uploads\/2024\/04\/435779664_797228231805202_6524467137384114876_n-1152x1536.jpg 1152w, https:\/\/lecheminduromarin.eu\/wp-content\/uploads\/2024\/04\/435779664_797228231805202_6524467137384114876_n-1170x1560.jpg 1170w, https:\/\/lecheminduromarin.eu\/wp-content\/uploads\/2024\/04\/435779664_797228231805202_6524467137384114876_n.jpg 1536w\" sizes=\"(max-width: 768px) 100vw, 768px\" \/><\/figure>\n\n\n\n<figure class=\"wp-block-image size-large\"><img loading=\"lazy\" decoding=\"async\" width=\"768\" height=\"1024\" src=\"https:\/\/lecheminduromarin.eu\/wp-content\/uploads\/2024\/04\/435977107_932814525005238_7018123580065102145_n-768x1024.jpg\" alt=\"Activit\u00e9s des g\u00eetes sur place, \u00e9quipement : sauna, piscine, terrasse, barbecue, spa, ping-pong, jeux pour enfants, promenade, d\u00e9gustation au domaine\" class=\"wp-image-542\" srcset=\"https:\/\/lecheminduromarin.eu\/wp-content\/uploads\/2024\/04\/435977107_932814525005238_7018123580065102145_n-768x1024.jpg 768w, https:\/\/lecheminduromarin.eu\/wp-content\/uploads\/2024\/04\/435977107_932814525005238_7018123580065102145_n-225x300.jpg 225w, https:\/\/lecheminduromarin.eu\/wp-content\/uploads\/2024\/04\/435977107_932814525005238_7018123580065102145_n-1152x1536.jpg 1152w, https:\/\/lecheminduromarin.eu\/wp-content\/uploads\/2024\/04\/435977107_932814525005238_7018123580065102145_n-1170x1560.jpg 1170w, https:\/\/lecheminduromarin.eu\/wp-content\/uploads\/2024\/04\/435977107_932814525005238_7018123580065102145_n.jpg 1536w\" sizes=\"(max-width: 768px) 100vw, 768px\" \/><\/figure>\n<\/figure>\n<\/div>\n\n\n\n<p><\/p>\n\n\n\n<h3 class=\"wp-block-heading\" id=\"xyrel-paterson\" style=\"font-size:0.9375rem\">Au long de l&rsquo;ann\u00e9e<\/h3>\n<\/div>\n<\/div>\n\n\n\n<div class=\"wp-block-column is-layout-flow wp-block-column-is-layout-flow\">\n<div class=\"wp-block-group has-background-background-color has-background is-layout-flow wp-block-group-is-layout-flow\" style=\"padding-top:3rem;padding-right:2.5rem;padding-bottom:2.5rem;padding-left:2.5rem\">\n<ul>\n<li>D\u00e9couverte de la distillerie en fonctionnement de D\u00e9cembre \u00e0 Fin Mars .<\/li>\n\n\n\n<li>D\u00e9couverte du processus de vendange et de vinification en p\u00e9riode de r\u00e9colte du 15 Septembre au 15 Octobre en fonction des ann\u00e9es. <\/li>\n\n\n\n<li>D\u00e9couverte du d\u00e9but du cycle de pousse de la vigne de D\u00e9but Avril \u00e0 Fin Mai.<\/li>\n<\/ul>\n\n\n\n<p><\/p>\n\n\n\n<div class=\"wp-block-group is-style-ona-negative-offset-top is-layout-constrained wp-block-group-is-layout-constrained\">\n<div class=\"wp-block-columns is-layout-flex wp-container-core-columns-is-layout-1 wp-block-columns-is-layout-flex\">\n<div class=\"wp-block-column is-layout-flow wp-block-column-is-layout-flow\" style=\"flex-basis:100%\">\n<div class=\"wp-block-group ona-container is-vertical is-layout-flex wp-container-core-group-is-layout-3 wp-block-group-is-layout-flex\" style=\"padding-top:100px;padding-bottom:20px\">\n<figure class=\"wp-block-gallery has-nested-images columns-5 is-cropped wp-block-gallery-2 is-layout-flex wp-block-gallery-is-layout-flex\">\n<figure class=\"wp-block-image aligncenter size-large\"><img loading=\"lazy\" decoding=\"async\" width=\"768\" height=\"1024\" src=\"https:\/\/lecheminduromarin.eu\/wp-content\/uploads\/2024\/04\/435623754_402516682759797_7928938350693618770_n-768x1024.jpg\" alt=\"Activit\u00e9s des g\u00eetes sur place, \u00e9quipement : sauna, piscine, terrasse, barbecue, spa, ping-pong, jeux pour enfants, promenade, d\u00e9gustation au domaine\" class=\"wp-image-535\" srcset=\"https:\/\/lecheminduromarin.eu\/wp-content\/uploads\/2024\/04\/435623754_402516682759797_7928938350693618770_n-768x1024.jpg 768w, https:\/\/lecheminduromarin.eu\/wp-content\/uploads\/2024\/04\/435623754_402516682759797_7928938350693618770_n-225x300.jpg 225w, https:\/\/lecheminduromarin.eu\/wp-content\/uploads\/2024\/04\/435623754_402516682759797_7928938350693618770_n-1152x1536.jpg 1152w, https:\/\/lecheminduromarin.eu\/wp-content\/uploads\/2024\/04\/435623754_402516682759797_7928938350693618770_n-1170x1560.jpg 1170w, https:\/\/lecheminduromarin.eu\/wp-content\/uploads\/2024\/04\/435623754_402516682759797_7928938350693618770_n.jpg 1536w\" sizes=\"(max-width: 768px) 100vw, 768px\" \/><\/figure>\n\n\n\n<figure class=\"wp-block-image size-large\"><img loading=\"lazy\" decoding=\"async\" width=\"768\" height=\"1024\" src=\"https:\/\/lecheminduromarin.eu\/wp-content\/uploads\/2024\/04\/436730566_2671772749654538_5327321383199837286_n-768x1024.jpg\" alt=\"Activit\u00e9s des g\u00eetes sur place, \u00e9quipement : sauna, piscine, terrasse, barbecue, spa, ping-pong, jeux pour enfants, promenade, d\u00e9gustation au domaine\" class=\"wp-image-538\" srcset=\"https:\/\/lecheminduromarin.eu\/wp-content\/uploads\/2024\/04\/436730566_2671772749654538_5327321383199837286_n-768x1024.jpg 768w, https:\/\/lecheminduromarin.eu\/wp-content\/uploads\/2024\/04\/436730566_2671772749654538_5327321383199837286_n-225x300.jpg 225w, https:\/\/lecheminduromarin.eu\/wp-content\/uploads\/2024\/04\/436730566_2671772749654538_5327321383199837286_n.jpg 1080w\" sizes=\"(max-width: 768px) 100vw, 768px\" \/><\/figure>\n<\/figure>\n<\/div>\n<\/div>\n<\/div>\n<\/div>\n\n\n\n<h3 class=\"wp-block-heading\" id=\"xyrel-paterson\" style=\"font-size:0.9375rem\">Selon les saisons<\/h3>\n<\/div>\n<\/div>\n<\/div>\n<\/div>\n\n\n\n<div class=\"wp-block-group alignfull is-layout-constrained wp-container-core-group-is-layout-7 wp-block-group-is-layout-constrained\" style=\"padding-top:100px;padding-bottom:100px\">\n<h2 class=\"wp-block-heading has-text-align-center has-tiny-font-size\" style=\"margin-bottom:64px;font-style:normal;font-weight:400;letter-spacing:4px;text-transform:uppercase\">Activit\u00e9s proches et lieux \u00e0 voir<\/h2>\n\n\n\n<div class=\"wp-block-columns is-layout-flex wp-container-core-columns-is-layout-7 wp-block-columns-is-layout-flex\">\n<div class=\"wp-block-column is-layout-flow wp-block-column-is-layout-flow\">\n<div class=\"wp-block-columns is-layout-flex wp-container-core-columns-is-layout-6 wp-block-columns-is-layout-flex\">\n<div class=\"wp-block-column is-layout-flow wp-block-column-is-layout-flow\" style=\"flex-basis:25%\">\n<div class=\"wp-block-columns is-layout-flex wp-container-core-columns-is-layout-3 wp-block-columns-is-layout-flex\">\n<div class=\"wp-block-column is-layout-flow wp-block-column-is-layout-flow\" style=\"flex-basis:33.33%\"><\/div>\n\n\n\n<div class=\"wp-block-column is-layout-flow wp-block-column-is-layout-flow\" style=\"flex-basis:66.66%\">\n<figure class=\"wp-block-image aligncenter size-full is-resized\"><a href=\"https:\/\/www.saintes-tourisme.fr\/\"><img loading=\"lazy\" decoding=\"async\" width=\"1024\" height=\"405\" src=\"https:\/\/lecheminduromarin.eu\/wp-content\/uploads\/2024\/02\/SAINTES_logo-agglo_sansfond_marge_CMJN_01-1024x405-1.png\" alt=\"\" class=\"wp-image-166\" style=\"width:150px;height:auto\" srcset=\"https:\/\/lecheminduromarin.eu\/wp-content\/uploads\/2024\/02\/SAINTES_logo-agglo_sansfond_marge_CMJN_01-1024x405-1.png 1024w, https:\/\/lecheminduromarin.eu\/wp-content\/uploads\/2024\/02\/SAINTES_logo-agglo_sansfond_marge_CMJN_01-1024x405-1-300x119.png 300w, https:\/\/lecheminduromarin.eu\/wp-content\/uploads\/2024\/02\/SAINTES_logo-agglo_sansfond_marge_CMJN_01-1024x405-1-768x304.png 768w\" sizes=\"(max-width: 1024px) 100vw, 1024px\" \/><\/a><\/figure>\n<\/div>\n<\/div>\n<\/div>\n\n\n\n<div class=\"wp-block-column is-layout-flow wp-block-column-is-layout-flow\" style=\"flex-basis:50%\">\n<div class=\"wp-block-columns is-layout-flex wp-container-core-columns-is-layout-4 wp-block-columns-is-layout-flex\">\n<div class=\"wp-block-column is-layout-flow wp-block-column-is-layout-flow\">\n<figure class=\"wp-block-image size-full is-resized\"><a href=\"https:\/\/www.corderie-royale.com\/\"><img loading=\"lazy\" decoding=\"async\" width=\"247\" height=\"125\" src=\"https:\/\/lecheminduromarin.eu\/wp-content\/uploads\/2024\/05\/LOGO_CORDERIE_FOOTER-e1716977726124.png\" alt=\"\" class=\"wp-image-600\" style=\"width:172px;height:auto\"\/><\/a><\/figure>\n<\/div>\n\n\n\n<div class=\"wp-block-column is-layout-flow wp-block-column-is-layout-flow\">\n<figure class=\"wp-block-image aligncenter size-full is-resized\"><a href=\"https:\/\/www.royanatlantique.fr\/\"><img loading=\"lazy\" decoding=\"async\" width=\"401\" height=\"401\" src=\"https:\/\/lecheminduromarin.eu\/wp-content\/uploads\/2024\/02\/on-parle-du-chateau-de-didonne-dans-la-presse1.png\" alt=\"\" class=\"wp-image-153\" style=\"width:108px;height:auto\" srcset=\"https:\/\/lecheminduromarin.eu\/wp-content\/uploads\/2024\/02\/on-parle-du-chateau-de-didonne-dans-la-presse1.png 401w, https:\/\/lecheminduromarin.eu\/wp-content\/uploads\/2024\/02\/on-parle-du-chateau-de-didonne-dans-la-presse1-300x300.png 300w, https:\/\/lecheminduromarin.eu\/wp-content\/uploads\/2024\/02\/on-parle-du-chateau-de-didonne-dans-la-presse1-150x150.png 150w\" sizes=\"(max-width: 401px) 100vw, 401px\" \/><\/a><\/figure>\n<\/div>\n\n\n\n<div class=\"wp-block-column is-layout-flow wp-block-column-is-layout-flow\">\n<figure class=\"wp-block-image aligncenter size-full is-resized\"><a href=\"https:\/\/cite-huitre.com\/\"><img loading=\"lazy\" decoding=\"async\" width=\"350\" height=\"250\" src=\"https:\/\/lecheminduromarin.eu\/wp-content\/uploads\/2024\/02\/Cite-de-lhuitre.png\" alt=\"\" class=\"wp-image-152\" style=\"width:128px;height:auto\" srcset=\"https:\/\/lecheminduromarin.eu\/wp-content\/uploads\/2024\/02\/Cite-de-lhuitre.png 350w, https:\/\/lecheminduromarin.eu\/wp-content\/uploads\/2024\/02\/Cite-de-lhuitre-300x214.png 300w\" sizes=\"(max-width: 350px) 100vw, 350px\" \/><\/a><\/figure>\n<\/div>\n<\/div>\n<\/div>\n\n\n\n<div class=\"wp-block-column is-layout-flow wp-block-column-is-layout-flow\" style=\"flex-basis:25%\">\n<div class=\"wp-block-columns is-layout-flex wp-container-core-columns-is-layout-5 wp-block-columns-is-layout-flex\">\n<div class=\"wp-block-column is-layout-flow wp-block-column-is-layout-flow\" style=\"flex-basis:66.66%\">\n<figure class=\"wp-block-image aligncenter size-full is-resized\"><a href=\"https:\/\/fr.wikipedia.org\/wiki\/Fort_Boyard\"><img loading=\"lazy\" decoding=\"async\" width=\"833\" height=\"417\" src=\"https:\/\/lecheminduromarin.eu\/wp-content\/uploads\/2024\/02\/FB2020Logo.png\" alt=\"\" class=\"wp-image-149\" style=\"width:120px;height:auto\" srcset=\"https:\/\/lecheminduromarin.eu\/wp-content\/uploads\/2024\/02\/FB2020Logo.png 833w, https:\/\/lecheminduromarin.eu\/wp-content\/uploads\/2024\/02\/FB2020Logo-300x150.png 300w, https:\/\/lecheminduromarin.eu\/wp-content\/uploads\/2024\/02\/FB2020Logo-768x384.png 768w\" sizes=\"(max-width: 833px) 100vw, 833px\" \/><\/a><\/figure>\n<\/div>\n\n\n\n<div class=\"wp-block-column is-layout-flow wp-block-column-is-layout-flow\" style=\"flex-basis:33.33%\">\n<figure class=\"wp-block-image aligncenter size-full is-resized\"><a href=\"http:\/\/www.zoo-palmyre.fr\/\"><img loading=\"lazy\" decoding=\"async\" width=\"300\" height=\"300\" src=\"https:\/\/lecheminduromarin.eu\/wp-content\/uploads\/2024\/02\/LOGO-Zoo-LA-PALMYRE-billetterie-apace-loisirs-300x300-1.gif\" alt=\"\" class=\"wp-image-151\" style=\"width:85px;height:auto\"\/><\/a><\/figure>\n<\/div>\n<\/div>\n<\/div>\n<\/div>\n<\/div>\n<\/div>\n\n\n\n<p><a href=\"https:\/\/www.saintes-tourisme.fr\/\"><\/a><\/p>\n<\/div>\n","protected":false},"excerpt":{"rendered":"<p>Nous vous proposons toute l&rsquo;ann\u00e9e un s\u00e9jour oenotouristique avec une visite de notre Domaine viticole : Au long de l&rsquo;ann\u00e9e Selon les saisons Activit\u00e9s proches et lieux \u00e0 voir<\/p>\n","protected":false},"author":1,"featured_media":0,"parent":0,"menu_order":0,"comment_status":"closed","ping_status":"closed","template":"","meta":{"footnotes":""},"aioseo_notices":[],"_links":{"self":[{"href":"https:\/\/lecheminduromarin.eu\/index.php?rest_route=\/wp\/v2\/pages\/99"}],"collection":[{"href":"https:\/\/lecheminduromarin.eu\/index.php?rest_route=\/wp\/v2\/pages"}],"about":[{"href":"https:\/\/lecheminduromarin.eu\/index.php?rest_route=\/wp\/v2\/types\/page"}],"author":[{"embeddable":true,"href":"https:\/\/lecheminduromarin.eu\/index.php?rest_route=\/wp\/v2\/users\/1"}],"replies":[{"embeddable":true,"href":"https:\/\/lecheminduromarin.eu\/index.php?rest_route=%2Fwp%2Fv2%2Fcomments&post=99"}],"version-history":[{"count":26,"href":"https:\/\/lecheminduromarin.eu\/index.php?rest_route=\/wp\/v2\/pages\/99\/revisions"}],"predecessor-version":[{"id":605,"href":"https:\/\/lecheminduromarin.eu\/index.php?rest_route=\/wp\/v2\/pages\/99\/revisions\/605"}],"wp:attachment":[{"href":"https:\/\/lecheminduromarin.eu\/index.php?rest_route=%2Fwp%2Fv2%2Fmedia&parent=99"}],"curies":[{"name":"wp","href":"https:\/\/api.w.org\/{rel}","templated":true}]}}